{"id":2,"date":"2010-11-07T08:54:34","date_gmt":"2010-11-07T08:54:34","guid":{"rendered":"http:\/\/wordpress.thienel-foto.de\/?page_id=2"},"modified":"2018-04-02T11:53:20","modified_gmt":"2018-04-02T09:53:20","slug":"eine-seite","status":"publish","type":"page","link":"https:\/\/www.thienel-foto.de\/?page_id=2","title":{"rendered":"Willkommen!"},"content":{"rendered":"<p>Auf dieser Homepage m\u00f6chte ich allen Interessierten eine Auswahl meiner Fotografien pr\u00e4sentieren, sowie Freunden Fotos von gemeinsamen Erlebnissen&nbsp;zur Verf\u00fcgung stellen.<\/p>\n<p><img loading=\"lazy\" decoding=\"async\" class=\"alignnone wp-image-2960 \" src=\"http:\/\/www.thienel-foto.de\/wp-content\/uploads\/2018\/04\/ich.jpg\" alt=\"\" width=\"312\" height=\"312\" srcset=\"https:\/\/www.thienel-foto.de\/wp-content\/uploads\/2018\/04\/ich.jpg 647w, https:\/\/www.thienel-foto.de\/wp-content\/uploads\/2018\/04\/ich-150x150.jpg 150w, https:\/\/www.thienel-foto.de\/wp-content\/uploads\/2018\/04\/ich-300x300.jpg 300w\" sizes=\"auto, (max-width: 312px) 100vw, 312px\" \/><\/p>\n<p><strong>Einige Informationen \u00fcber mich:<\/strong><\/p>\n<ul>\n<li>Geboren wurde ich 1963 in Dresden wo ich auch heute noch gern mit meiner Familie lebe.<\/li>\n<li>Zur Fotografie kam ich bereits in meiner Kindheit, als ich von meinem Vater eine Rollfilmkamera geschenkt bekam. Seitdem besch\u00e4ftigte ich mich&nbsp;mehr oder weniger&nbsp;engagiert mit der Fotografie.<\/li>\n<li>Zur Intensivierung meiner fotografischen Aktivit\u00e4ten kam es mit Beginn einer gewissen Lebensreife (was man darunter auch immer verstehen mag) und der damit verbundenen Sicht bestimmter Dinge und Situationen.<\/li>\n<\/ul>\n<p>&nbsp;<\/p>\n<p><span style=\"color: #ff0000;\">Alle \u00fcber die Website www.thienel-foto.de, sowie alle Unterseiten publizierten Fotografien sind urheberrechtlich gesch\u00fctzt! <\/span><\/p>\n","protected":false},"excerpt":{"rendered":"<p>Auf dieser Homepage m\u00f6chte ich allen Interessierten eine Auswahl meiner Fotografien pr\u00e4sentieren, sowie Freunden Fotos von&hellip;<\/p>\n","protected":false},"author":2,"featured_media":0,"parent":0,"menu_order":0,"comment_status":"closed","ping_status":"closed","template":"","meta":{"ngg_post_thumbnail":0,"footnotes":"","_links_to":"","_links_to_target":""},"class_list":["post-2","page","type-page","status-publish","hentry"],"_links":{"self":[{"href":"https:\/\/www.thienel-foto.de\/index.php?rest_route=\/wp\/v2\/pages\/2","targetHints":{"allow":["GET"]}}],"collection":[{"href":"https:\/\/www.thienel-foto.de\/index.php?rest_route=\/wp\/v2\/pages"}],"about":[{"href":"https:\/\/www.thienel-foto.de\/index.php?rest_route=\/wp\/v2\/types\/page"}],"author":[{"embeddable":true,"href":"https:\/\/www.thienel-foto.de\/index.php?rest_route=\/wp\/v2\/users\/2"}],"replies":[{"embeddable":true,"href":"https:\/\/www.thienel-foto.de\/index.php?rest_route=%2Fwp%2Fv2%2Fcomments&post=2"}],"version-history":[{"count":26,"href":"https:\/\/www.thienel-foto.de\/index.php?rest_route=\/wp\/v2\/pages\/2\/revisions"}],"predecessor-version":[{"id":2963,"href":"https:\/\/www.thienel-foto.de\/index.php?rest_route=\/wp\/v2\/pages\/2\/revisions\/2963"}],"wp:attachment":[{"href":"https:\/\/www.thienel-foto.de\/index.php?rest_route=%2Fwp%2Fv2%2Fmedia&parent=2"}],"curies":[{"name":"wp","href":"https:\/\/api.w.org\/{rel}","templated":true}]}}