{"id":22,"date":"2010-11-09T21:09:45","date_gmt":"2010-11-09T21:09:45","guid":{"rendered":"http:\/\/wordpress.thienel-foto.de\/?page_id=22"},"modified":"2012-10-28T17:15:11","modified_gmt":"2012-10-28T17:15:11","slug":"projekte-und-serien","status":"publish","type":"page","link":"https:\/\/www.thienel-foto.de\/?page_id=22","title":{"rendered":"Projekte und Serien"},"content":{"rendered":"<p>An dieser Stelle m\u00f6chte ich meine\u00a0kleinen fotografischen Projekte und Serien zu bestimmten Themen, Orten oder Veranstaltungen vorstellen.<\/p>\n<p><a href=\"http:\/\/www.thienel-foto.de\/Blaetter\/index.html\" target=\"_blank\"><img loading=\"lazy\" decoding=\"async\" class=\"alignnone size-thumbnail wp-image-1748\" src=\"http:\/\/www.thienel-foto.de\/wp-content\/uploads\/PA210868_1-Mobile-100x100.jpg\" alt=\"\" width=\"100\" height=\"100\" \/><\/a>\u00a0 Auf einem meiner Herbstspazierg\u00e4nge fielen mir die Blatt-Silhouetten der B\u00e4ume \u00fcber mir auf.\u00a0 Nur im Gegenlicht ein interessanter Anblick.<\/p>\n<p><a href=\"http:\/\/www.thienel-foto.de\/Dresden-Kalender2012\/index.html\" target=\"_blank\"><img loading=\"lazy\" decoding=\"async\" class=\"alignnone\" src=\"http:\/\/www.thienel-foto.de\/wp-content\/uploads\/Kalender_2012_klein.jpg\" alt=\"\" width=\"100\" height=\"100\" \/><\/a>\u00a0 Es war wieder einmal an der Zeit, unsere Freunde und Verwandten mit einem Jahreskalender zu\u00a0 erfreuen. Zudem w\u00fcnschte sich unsere Tochter, die weit ab der Heimat studiert, einen Dresden-Kalender. Nichts leichter als das. Doch Dresden-Kalender gibt es wie Sand am Meer. Also musste es etwas besonderes werden. Nach ein wenig \u00dcberredungskunst, machte ich mich mit meinem Sohn und meinem alten Mopedhelm auf den Weg&#8230;<\/p>\n<p><a href=\"http:\/\/www.thienel-foto.de\/dienstreise\/Dienstreise\/index.html\" target=\"_blank\"><img loading=\"lazy\" decoding=\"async\" class=\"size-thumbnail wp-image-202 alignnone\" title=\"Geisterbild_klein\" src=\"http:\/\/www.thienel-foto.de\/wp-content\/uploads\/Geisterbild_klein-100x100.jpg\" alt=\"\" width=\"100\" height=\"100\" \/><\/a> Inspiriert durch einen Artikel in der &#8222;Photonews 5\/08&#8220; \u00fcber David McClain (\u00fcbrigens auch 1963 geboren) begann ich\u00a0mit sog. Geisterbildern zu experimentieren. Das bisherige Ergebnis ist die kleine Serie &#8222;Dienstreise&#8220;.<\/p>\n<p><a href=\"http:\/\/www.thienel-foto.de\/squares\/index.html\" target=\"_blank\"><img loading=\"lazy\" decoding=\"async\" class=\"alignnone size-thumbnail wp-image-203\" title=\"Squares_klein\" src=\"http:\/\/www.thienel-foto.de\/wp-content\/uploads\/Squares_klein-100x100.jpg\" alt=\"\" width=\"100\" height=\"100\" srcset=\"https:\/\/www.thienel-foto.de\/wp-content\/uploads\/Squares_klein-100x100.jpg 100w, https:\/\/www.thienel-foto.de\/wp-content\/uploads\/Squares_klein.jpg 200w\" sizes=\"auto, (max-width: 100px) 100vw, 100px\" \/><\/a> Beim Betrachten von Polaroids bekam ich die Idee f\u00fcr\u00a0die vorliegende Serie. Durch die quadratische Form und die gewisse Unsch\u00e4rfe\u00a0wird der Blick auf die wesentlichen Linien und Konturen gelenkt. Dadurch bekommen die Bilder meiner Meinung nach eine eigenwillige Aussage. Durch nachtr\u00e4glichen Zuschnitt und die Anwendung eines Kunstfilters habe ich versucht, diesen Effekt zu erzielen.<\/p>\n<p><a href=\"http:\/\/www.thienel-foto.de\/Frauenkirche\/index.html\" target=\"_blank\"><img loading=\"lazy\" decoding=\"async\" class=\"alignnone size-thumbnail wp-image-204\" title=\"Frauenkirche_klein\" src=\"http:\/\/www.thienel-foto.de\/wp-content\/uploads\/Frauenkirche_klein-100x100.jpg\" alt=\"\" width=\"100\" height=\"100\" srcset=\"https:\/\/www.thienel-foto.de\/wp-content\/uploads\/Frauenkirche_klein-100x100.jpg 100w, https:\/\/www.thienel-foto.de\/wp-content\/uploads\/Frauenkirche_klein.jpg 200w\" sizes=\"auto, (max-width: 100px) 100vw, 100px\" \/><\/a> Was machen fotobegeisterte Freunde, die sich nicht nur \u00fcber Technik und die Bilder anderer austauschen? Sie veranstalten kleine interne Fotowettbewerbe zu bestimmten Themen. Dabei wird ein Objekt vorgegeben, welches dann jeder nach seiner Intuition ablichten kann. Unser letztes Thema hie\u00df &#8222;Fauenkirche Dresden&#8220;. Da es dazu bereits gesch\u00e4tzte 1 Million Fotos gibt, war es nicht einfach, die etwas andere Perspektive zu finden. In der\u00a0folgenden Bilderserie m\u00f6chte ich meine Ergebnisse vorstellen.<\/p>\n","protected":false},"excerpt":{"rendered":"<p>An dieser Stelle m\u00f6chte ich meine\u00a0kleinen fotografischen Projekte und Serien zu bestimmten Themen, Orten oder Veranstaltungen&hellip;<\/p>\n","protected":false},"author":2,"featured_media":0,"parent":0,"menu_order":30,"comment_status":"closed","ping_status":"closed","template":"onecolumn-page.php","meta":{"ngg_post_thumbnail":0,"footnotes":"","_links_to":"","_links_to_target":""},"class_list":["post-22","page","type-page","status-publish","hentry"],"_links":{"self":[{"href":"https:\/\/www.thienel-foto.de\/index.php?rest_route=\/wp\/v2\/pages\/22","targetHints":{"allow":["GET"]}}],"collection":[{"href":"https:\/\/www.thienel-foto.de\/index.php?rest_route=\/wp\/v2\/pages"}],"about":[{"href":"https:\/\/www.thienel-foto.de\/index.php?rest_route=\/wp\/v2\/types\/page"}],"author":[{"embeddable":true,"href":"https:\/\/www.thienel-foto.de\/index.php?rest_route=\/wp\/v2\/users\/2"}],"replies":[{"embeddable":true,"href":"https:\/\/www.thienel-foto.de\/index.php?rest_route=%2Fwp%2Fv2%2Fcomments&post=22"}],"version-history":[{"count":49,"href":"https:\/\/www.thienel-foto.de\/index.php?rest_route=\/wp\/v2\/pages\/22\/revisions"}],"predecessor-version":[{"id":1751,"href":"https:\/\/www.thienel-foto.de\/index.php?rest_route=\/wp\/v2\/pages\/22\/revisions\/1751"}],"wp:attachment":[{"href":"https:\/\/www.thienel-foto.de\/index.php?rest_route=%2Fwp%2Fv2%2Fmedia&parent=22"}],"curies":[{"name":"wp","href":"https:\/\/api.w.org\/{rel}","templated":true}]}}