{"id":241,"date":"2011-01-07T21:09:48","date_gmt":"2011-01-07T21:09:48","guid":{"rendered":"http:\/\/wordpress.thienel-foto.de\/?page_id=241"},"modified":"2019-01-20T13:26:42","modified_gmt":"2019-01-20T12:26:42","slug":"geschutzter-bereich-2","status":"publish","type":"page","link":"https:\/\/www.thienel-foto.de\/?page_id=241","title":{"rendered":"gesch\u00fctzter Bereich"},"content":{"rendered":"<p>\u00dcber diese Seiten stelle ich meinen Freunden und Bekannten Bilder von gemeinsamen Erlebnissen zur Verf\u00fcgung.<\/p>\n<p>Damit die Privatsph\u00e4re gewahrt bleibt, sind die einzelnen Unterseiten gesch\u00fctzt. Bitte benutzt die Zugangsdaten, die ich Euch separat zukommen lasse oder fragt sie bei mir ab.<\/p>\n<p>Viel Spa\u00df!<\/p>\n<p><a href=\" http:\/\/www.thienel-foto.de\/?page_id=1783 \"><img loading=\"lazy\" decoding=\"async\" class=\"alignnone size-thumbnail wp-image-1781\" src=\"http:\/\/www.thienel-foto.de\/wp-content\/uploads\/MG_7188-Small-100x100.jpg\" alt=\"\" width=\"100\" height=\"100\"><\/a>&nbsp;50 Jahre Thomas<\/p>\n<p><a href=\"http:\/\/www.thienel-foto.de\/?page_id=3541\"><img loading=\"lazy\" decoding=\"async\" class=\"alignnone size-thumbnail wp-image-245\" title=\"K640_Klasse 1969_bearbeitet-1\" src=\"http:\/\/www.thienel-foto.de\/wp-content\/uploads\/K640_Klasse-1969_bearbeitet-1-100x100.jpg\" alt=\"\" width=\"100\" height=\"100\"><\/a> Schulzeit<\/p>\n<p><a href=\"http:\/\/www.thienel-foto.de\/?page_id=249\"><img loading=\"lazy\" decoding=\"async\" class=\"alignnone size-thumbnail wp-image-247\" title=\"Vater75_361_bearbeitet-1\" src=\"http:\/\/www.thienel-foto.de\/wp-content\/uploads\/Vater75_361_bearbeitet-1-100x100.jpg\" alt=\"\" width=\"100\" height=\"100\"><\/a> 75-Jahr-Feier Hans<\/p>\n<p><a href=\"http:\/\/www.thienel-foto.de\/?page_id=95\"><img loading=\"lazy\" decoding=\"async\" class=\"alignnone size-thumbnail wp-image-305\" title=\"GML-Technikertreffen\" src=\"http:\/\/www.thienel-foto.de\/wp-content\/uploads\/K640_DSC04303-100x100.jpg\" alt=\"\" width=\"100\" height=\"100\"><\/a> GML-Technikertreffen<\/p>\n","protected":false},"excerpt":{"rendered":"<p>\u00dcber diese Seiten stelle ich meinen Freunden und Bekannten Bilder von gemeinsamen Erlebnissen zur Verf\u00fcgung. Damit&hellip;<\/p>\n","protected":false},"author":2,"featured_media":0,"parent":0,"menu_order":0,"comment_status":"closed","ping_status":"closed","template":"","meta":{"ngg_post_thumbnail":0,"footnotes":"","_links_to":"","_links_to_target":""},"class_list":["post-241","page","type-page","status-publish","hentry"],"_links":{"self":[{"href":"https:\/\/www.thienel-foto.de\/index.php?rest_route=\/wp\/v2\/pages\/241","targetHints":{"allow":["GET"]}}],"collection":[{"href":"https:\/\/www.thienel-foto.de\/index.php?rest_route=\/wp\/v2\/pages"}],"about":[{"href":"https:\/\/www.thienel-foto.de\/index.php?rest_route=\/wp\/v2\/types\/page"}],"author":[{"embeddable":true,"href":"https:\/\/www.thienel-foto.de\/index.php?rest_route=\/wp\/v2\/users\/2"}],"replies":[{"embeddable":true,"href":"https:\/\/www.thienel-foto.de\/index.php?rest_route=%2Fwp%2Fv2%2Fcomments&post=241"}],"version-history":[{"count":27,"href":"https:\/\/www.thienel-foto.de\/index.php?rest_route=\/wp\/v2\/pages\/241\/revisions"}],"predecessor-version":[{"id":3546,"href":"https:\/\/www.thienel-foto.de\/index.php?rest_route=\/wp\/v2\/pages\/241\/revisions\/3546"}],"wp:attachment":[{"href":"https:\/\/www.thienel-foto.de\/index.php?rest_route=%2Fwp%2Fv2%2Fmedia&parent=241"}],"curies":[{"name":"wp","href":"https:\/\/api.w.org\/{rel}","templated":true}]}}