{"id":35,"date":"2010-11-09T21:15:10","date_gmt":"2010-11-09T21:15:10","guid":{"rendered":"http:\/\/wordpress.thienel-foto.de\/?page_id=35"},"modified":"2024-10-12T15:01:17","modified_gmt":"2024-10-12T13:01:17","slug":"kontakt","status":"publish","type":"page","link":"https:\/\/www.thienel-foto.de\/?page_id=35","title":{"rendered":"Impressum"},"content":{"rendered":"<p>Diese private Homepage wurde erstellt von<\/p>\n<p>Thomas Thienel, Dresden<\/p>\n<p>Auf die Ver\u00f6ffentlichung weiterer privaten Daten verzichte ich an dieser Stelle bewusst, da mit dieser Homepage keinerlei kommerzielle Interessen verfolgt werden. Wer ernsthaftes Interesse an einer Kontaktaufnahme zu mir hat, kann dies per E-Mail \u00fcber das Register &#8222;<a title=\"G\u00e4stebuch und Kontakt\" href=\"http:\/\/www.thienel-foto.de\/?page_id=31\" target=\"_blank\" rel=\"noopener\">Kontakt<\/a>&#8220; tun.<\/p>\n<p><strong>Haftung<\/strong><\/p>\n<p>S\u00e4mtliche Inhalte auf der Website werden regelm\u00e4\u00dfig \u00fcberpr\u00fcft. Dessen ungeachtet \u00fcbernehme ich&nbsp;keine Garantie f\u00fcr Richtigkeit, Vollst\u00e4ndigkeit und Aktualit\u00e4t der Angaben.<\/p>\n<p><strong>Copyright<\/strong><\/p>\n<p>S\u00e4mtliche Texte und&nbsp;Bilder auf dieser Website (incl. Unterseiten) sind urheberrechtlich gesch\u00fctzt. Eine Verwendung ist nur mit meiner ausdr\u00fccklichen Genehmigung zul\u00e4ssig.<\/p>\n<p><strong>Links<\/strong><\/p>\n<p>Die Seiten auf&nbsp;welche ich Links gesetzt habe, wurden von mir sorgf\u00e4ltig ausgew\u00e4hlt. Trotzdem betone ich&nbsp;ausdr\u00fccklich, dass ich keinerlei Einfluss auf die Gestaltung und die Inhalte der verlinkten Seiten habe. Ich distanziere&nbsp;mich hiermit ausdr\u00fccklich von allen Inhalten aller verlinkten Seiten. Diese Erkl\u00e4rung gilt f\u00fcr alle auf dieser Homepage (einschlie\u00dflich der Unterseiten) angebrachten Links und f\u00fcr alle Inhalte der Seiten, zu denen Links oder Banner f\u00fchren.<\/p>\n<p>&nbsp;<\/p>\n<hr>\n\n\n<p><\/p>\n","protected":false},"excerpt":{"rendered":"<p>Diese private Homepage wurde erstellt von Thomas Thienel, Dresden Auf die Ver\u00f6ffentlichung weiterer privaten Daten verzichte&hellip;<\/p>\n","protected":false},"author":2,"featured_media":0,"parent":0,"menu_order":80,"comment_status":"closed","ping_status":"closed","template":"onecolumn-page.php","meta":{"ngg_post_thumbnail":0,"footnotes":"","_links_to":"","_links_to_target":""},"class_list":["post-35","page","type-page","status-publish","hentry"],"_links":{"self":[{"href":"https:\/\/www.thienel-foto.de\/index.php?rest_route=\/wp\/v2\/pages\/35","targetHints":{"allow":["GET"]}}],"collection":[{"href":"https:\/\/www.thienel-foto.de\/index.php?rest_route=\/wp\/v2\/pages"}],"about":[{"href":"https:\/\/www.thienel-foto.de\/index.php?rest_route=\/wp\/v2\/types\/page"}],"author":[{"embeddable":true,"href":"https:\/\/www.thienel-foto.de\/index.php?rest_route=\/wp\/v2\/users\/2"}],"replies":[{"embeddable":true,"href":"https:\/\/www.thienel-foto.de\/index.php?rest_route=%2Fwp%2Fv2%2Fcomments&post=35"}],"version-history":[{"count":10,"href":"https:\/\/www.thienel-foto.de\/index.php?rest_route=\/wp\/v2\/pages\/35\/revisions"}],"predecessor-version":[{"id":4759,"href":"https:\/\/www.thienel-foto.de\/index.php?rest_route=\/wp\/v2\/pages\/35\/revisions\/4759"}],"wp:attachment":[{"href":"https:\/\/www.thienel-foto.de\/index.php?rest_route=%2Fwp%2Fv2%2Fmedia&parent=35"}],"curies":[{"name":"wp","href":"https:\/\/api.w.org\/{rel}","templated":true}]}}